{"id":231,"date":"2023-01-12T11:56:43","date_gmt":"2023-01-12T08:56:43","guid":{"rendered":"https:\/\/yesilyurttaslikoy.com.tr\/?page_id=231"},"modified":"2023-01-25T12:41:34","modified_gmt":"2023-01-25T09:41:34","slug":"anasayfa","status":"publish","type":"page","link":"https:\/\/yesilyurttaslikoy.com.tr\/","title":{"rendered":"Anasayfa"},"content":{"rendered":"\n\n\n\n\n<p><\/p>\n\n\n\n<p class=\"has-text-align-center\"><strong>Etkinlik Takvimi<\/strong> <\/p>\n\n\n\n<p class=\"has-text-align-center\">Bu alanda d\u00fc\u011f\u00fcn, ni\u015fan, yemek&#8230; gibi hem\u015fehrilerimizin faaliyetleri duyuru olarak yay\u0131nlanacakt\u0131r<\/p>\n\n\n\n<div class=\"wp-block-columns is-layout-flex wp-container-core-columns-is-layout-9d6595d7 wp-block-columns-is-layout-flex\">\n<div class=\"wp-block-column is-layout-flow wp-block-column-is-layout-flow\" style=\"flex-basis:100%\">\n<div class=\"wp-block-group\"><div class=\"wp-block-group__inner-container is-layout-constrained wp-block-group-is-layout-constrained\">\n<div class=\"wp-block-group\"><div class=\"wp-block-group__inner-container is-layout-constrained wp-block-group-is-layout-constrained\">\n<figure class=\"wp-block-table\"><table class=\"has-fixed-layout\"><tbody><tr><td>Tarih<\/td><td>Konu<\/td><td>\u0130sim <\/td><td>Yer<\/td><\/tr><tr><td>29 Ocak 2023<\/td><td>Dernek \u00c7al\u0131\u015fmalar\u0131<\/td><td>Derne\u011fin yapt\u0131\u011f\u0131 \u00e7al\u0131\u015fmalar hakk\u0131nda bilgilendirme ve sohbet<\/td><td>Ye\u015filyurt Konukevi<\/td><\/tr><tr><td>04 Mart 2023<\/td><td>A\u011fa\u00e7land\u0131rma<\/td><td>Mezarl\u0131k alan\u0131n\u0131n k\u00f6ye bakan taraf\u0131na a\u011fa\u00e7 dikme etkinli\u011fi ve piknik <\/td><td>Ye\u015filyurt<\/td><\/tr><tr><td>06 May\u0131s 2023<\/td><td>Genel Kurul<\/td><td>Derne\u011fin kurulu\u015fundan sonra ilk 6 ayda i\u00e7inde yap\u0131lmas\u0131 gereken Genel Kurul <\/td><td>Ye\u015filyurt Konukevi<\/td><\/tr><tr><td><\/td><td><\/td><td><\/td><td><\/td><\/tr><\/tbody><\/table><figcaption class=\"wp-element-caption\"><strong>ETK\u0130NL\u0130K TAKV\u0130M\u0130<\/strong><\/figcaption><\/figure>\n<\/div><\/div>\n<\/div><\/div>\n<\/div>\n<\/div>\n","protected":false},"excerpt":{"rendered":"<p>Etkinlik Takvimi Bu alanda d\u00fc\u011f\u00fcn, ni\u015fan, yemek&#8230; gibi hem\u015fehrilerimizin faaliyetleri duyuru olarak yay\u0131nlanacakt\u0131r Tarih Konu \u0130sim Yer 29 Ocak 2023 Dernek \u00c7al\u0131\u015fmalar\u0131 Derne\u011fin yapt\u0131\u011f\u0131 \u00e7al\u0131\u015fmalar hakk\u0131nda bilgilendirme ve sohbet Ye\u015filyurt Konukevi 04 Mart 2023 A\u011fa\u00e7land\u0131rma Mezarl\u0131k alan\u0131n\u0131n k\u00f6ye bakan taraf\u0131na a\u011fa\u00e7 dikme etkinli\u011fi ve piknik Ye\u015filyurt 06 May\u0131s 2023 Genel&#8230; <a class=\"continue-reading-link\" href=\"https:\/\/yesilyurttaslikoy.com.tr\/\">Yaz\u0131n\u0131n devam\u0131 i\u00e7in <span class=\"meta-nav\">&rarr; <\/span><\/a><\/p>\n","protected":false},"author":3,"featured_media":0,"parent":0,"menu_order":1,"comment_status":"closed","ping_status":"closed","template":"","meta":{"footnotes":""},"class_list":["post-231","page","type-page","status-publish","hentry"],"_links":{"self":[{"href":"https:\/\/yesilyurttaslikoy.com.tr\/index.php\/wp-json\/wp\/v2\/pages\/231","targetHints":{"allow":["GET"]}}],"collection":[{"href":"https:\/\/yesilyurttaslikoy.com.tr\/index.php\/wp-json\/wp\/v2\/pages"}],"about":[{"href":"https:\/\/yesilyurttaslikoy.com.tr\/index.php\/wp-json\/wp\/v2\/types\/page"}],"author":[{"embeddable":true,"href":"https:\/\/yesilyurttaslikoy.com.tr\/index.php\/wp-json\/wp\/v2\/users\/3"}],"replies":[{"embeddable":true,"href":"https:\/\/yesilyurttaslikoy.com.tr\/index.php\/wp-json\/wp\/v2\/comments?post=231"}],"version-history":[{"count":14,"href":"https:\/\/yesilyurttaslikoy.com.tr\/index.php\/wp-json\/wp\/v2\/pages\/231\/revisions"}],"predecessor-version":[{"id":394,"href":"https:\/\/yesilyurttaslikoy.com.tr\/index.php\/wp-json\/wp\/v2\/pages\/231\/revisions\/394"}],"wp:attachment":[{"href":"https:\/\/yesilyurttaslikoy.com.tr\/index.php\/wp-json\/wp\/v2\/media?parent=231"}],"curies":[{"name":"wp","href":"https:\/\/api.w.org\/{rel}","templated":true}]}}