{"id":359,"date":"2023-01-20T16:11:50","date_gmt":"2023-01-20T13:11:50","guid":{"rendered":"https:\/\/yesilyurttaslikoy.com.tr\/?page_id=359"},"modified":"2023-01-20T16:11:51","modified_gmt":"2023-01-20T13:11:51","slug":"neden-uye-olmaliyim","status":"publish","type":"page","link":"https:\/\/yesilyurttaslikoy.com.tr\/index.php\/neden-uye-olmaliyim\/","title":{"rendered":"Neden \u00dcye Olmal\u0131y\u0131m?"},"content":{"rendered":"","protected":false},"excerpt":{"rendered":"","protected":false},"author":3,"featured_media":0,"parent":0,"menu_order":0,"comment_status":"closed","ping_status":"closed","template":"","meta":{"footnotes":""},"class_list":["post-359","page","type-page","status-publish","hentry"],"_links":{"self":[{"href":"https:\/\/yesilyurttaslikoy.com.tr\/index.php\/wp-json\/wp\/v2\/pages\/359","targetHints":{"allow":["GET"]}}],"collection":[{"href":"https:\/\/yesilyurttaslikoy.com.tr\/index.php\/wp-json\/wp\/v2\/pages"}],"about":[{"href":"https:\/\/yesilyurttaslikoy.com.tr\/index.php\/wp-json\/wp\/v2\/types\/page"}],"author":[{"embeddable":true,"href":"https:\/\/yesilyurttaslikoy.com.tr\/index.php\/wp-json\/wp\/v2\/users\/3"}],"replies":[{"embeddable":true,"href":"https:\/\/yesilyurttaslikoy.com.tr\/index.php\/wp-json\/wp\/v2\/comments?post=359"}],"version-history":[{"count":1,"href":"https:\/\/yesilyurttaslikoy.com.tr\/index.php\/wp-json\/wp\/v2\/pages\/359\/revisions"}],"predecessor-version":[{"id":363,"href":"https:\/\/yesilyurttaslikoy.com.tr\/index.php\/wp-json\/wp\/v2\/pages\/359\/revisions\/363"}],"wp:attachment":[{"href":"https:\/\/yesilyurttaslikoy.com.tr\/index.php\/wp-json\/wp\/v2\/media?parent=359"}],"curies":[{"name":"wp","href":"https:\/\/api.w.org\/{rel}","templated":true}]}}