{"id":407,"date":"2023-01-25T15:25:39","date_gmt":"2023-01-25T12:25:39","guid":{"rendered":"https:\/\/yesilyurttaslikoy.com.tr\/index.php\/register\/"},"modified":"2023-01-25T15:25:39","modified_gmt":"2023-01-25T12:25:39","slug":"register","status":"publish","type":"page","link":"https:\/\/yesilyurttaslikoy.com.tr\/index.php\/register\/","title":{"rendered":"Register"},"content":{"rendered":"\n<div class=\"um um-register um-395\">\n\n\t<div class=\"um-form\" data-mode=\"register\">\n\n\t\t<form method=\"post\" action=\"\">\n\n\t\t\t<div class=\"um-row _um_row_1 \" style=\"margin: 0 0 30px 0;\"><div class=\"um-col-1\"><div  id=\"um_field_395_user_login\" class=\"um-field um-field-text  um-field-user_login um-field-text um-field-type_text\" data-key=\"user_login\"><div class=\"um-field-label\"><label for=\"user_login-395\">Kullan\u0131c\u0131 Ad\u0131<\/label><div class=\"um-clear\"><\/div><\/div><div class=\"um-field-area\"><input  autocomplete=\"off\" class=\"um-form-field valid \" type=\"text\" name=\"user_login-395\" id=\"user_login-395\" value=\"\" placeholder=\"\" data-validate=\"unique_username\" data-key=\"user_login\" \/>\n\n\t\t\t\t\t\t<\/div><\/div><div  id=\"um_field_395_first_name\" class=\"um-field um-field-text  um-field-first_name um-field-text um-field-type_text\" data-key=\"first_name\"><div class=\"um-field-label\"><label for=\"first_name-395\">Ad\u0131<\/label><div class=\"um-clear\"><\/div><\/div><div class=\"um-field-area\"><input  autocomplete=\"off\" class=\"um-form-field valid not-required \" type=\"text\" name=\"first_name-395\" id=\"first_name-395\" value=\"\" placeholder=\"\" data-validate=\"\" data-key=\"first_name\" \/>\n\n\t\t\t\t\t\t<\/div><\/div><div  id=\"um_field_395_last_name\" class=\"um-field um-field-text  um-field-last_name um-field-text um-field-type_text\" data-key=\"last_name\"><div class=\"um-field-label\"><label for=\"last_name-395\">Soyad\u0131<\/label><div class=\"um-clear\"><\/div><\/div><div class=\"um-field-area\"><input  autocomplete=\"off\" class=\"um-form-field valid not-required \" type=\"text\" name=\"last_name-395\" id=\"last_name-395\" value=\"\" placeholder=\"\" data-validate=\"\" data-key=\"last_name\" \/>\n\n\t\t\t\t\t\t<\/div><\/div><div  id=\"um_field_395_user_email\" class=\"um-field um-field-text  um-field-user_email um-field-text um-field-type_text\" data-key=\"user_email\"><div class=\"um-field-label\"><label for=\"user_email-395\">E posta adresi<\/label><div class=\"um-clear\"><\/div><\/div><div class=\"um-field-area\"><input  autocomplete=\"off\" class=\"um-form-field valid not-required \" type=\"text\" name=\"user_email-395\" id=\"user_email-395\" value=\"\" placeholder=\"\" data-validate=\"unique_email\" data-key=\"user_email\" \/>\n\n\t\t\t\t\t\t<\/div><\/div><div  id=\"um_field_395_user_password\" class=\"um-field um-field-password  um-field-user_password um-field-password um-field-type_password\" data-key=\"user_password\"><div class=\"um-field-label\"><label for=\"user_password-395\">Parola<\/label><div class=\"um-clear\"><\/div><\/div><div class=\"um-field-area\"><input class=\"um-form-field valid \" type=\"password\" name=\"user_password-395\" id=\"user_password-395\" value=\"\" placeholder=\"\" data-validate=\"\" data-key=\"user_password\" \/>\n\n\t\t\t\t\t\t<\/div><\/div><\/div><\/div>\t\t<input type=\"hidden\" name=\"form_id\" id=\"form_id_395\" value=\"395\" \/>\n\t\n\t<p class=\"um_request_name\">\n\t\t<label for=\"um_request_395\">Only fill in if you are not human<\/label>\n\t\t<input type=\"hidden\" name=\"um_request\" id=\"um_request_395\" class=\"input\" value=\"\" size=\"25\" autocomplete=\"off\" \/>\n\t<\/p>\n\n\t<input type=\"hidden\" id=\"_wpnonce\" name=\"_wpnonce\" value=\"8b2909c6bd\" \/><input type=\"hidden\" name=\"_wp_http_referer\" value=\"\/index.php\/wp-json\/wp\/v2\/pages\/407\" \/>\n\t<div class=\"um-col-alt\">\n\n\t\t\n\t\t\t<div class=\"um-left um-half\">\n\t\t\t\t<input type=\"submit\" value=\"Register\" class=\"um-button\" id=\"um-submit-btn\" \/>\n\t\t\t<\/div>\n\t\t\t<div class=\"um-right um-half\">\n\t\t\t\t<a href=\"https:\/\/yesilyurttaslikoy.com.tr\/index.php\/login\/\" class=\"um-button um-alt\">\n\t\t\t\t\tLogin\t\t\t\t<\/a>\n\t\t\t<\/div>\n\n\t\t\n\t\t<div class=\"um-clear\"><\/div>\n\n\t<\/div>\n\n\t\n\t\t<\/form>\n\n\t<\/div>\n\n<\/div>\n<style>\n\t\t\t.um-395.um {\n\t\t\tmax-width: 450px;\n\t\t}\n\t\t<\/style>\n\n","protected":false},"excerpt":{"rendered":"","protected":false},"author":3,"featured_media":0,"parent":0,"menu_order":0,"comment_status":"closed","ping_status":"closed","template":"","meta":{"footnotes":""},"class_list":["post-407","page","type-page","status-publish","hentry"],"_links":{"self":[{"href":"https:\/\/yesilyurttaslikoy.com.tr\/index.php\/wp-json\/wp\/v2\/pages\/407","targetHints":{"allow":["GET"]}}],"collection":[{"href":"https:\/\/yesilyurttaslikoy.com.tr\/index.php\/wp-json\/wp\/v2\/pages"}],"about":[{"href":"https:\/\/yesilyurttaslikoy.com.tr\/index.php\/wp-json\/wp\/v2\/types\/page"}],"author":[{"embeddable":true,"href":"https:\/\/yesilyurttaslikoy.com.tr\/index.php\/wp-json\/wp\/v2\/users\/3"}],"replies":[{"embeddable":true,"href":"https:\/\/yesilyurttaslikoy.com.tr\/index.php\/wp-json\/wp\/v2\/comments?post=407"}],"version-history":[{"count":0,"href":"https:\/\/yesilyurttaslikoy.com.tr\/index.php\/wp-json\/wp\/v2\/pages\/407\/revisions"}],"wp:attachment":[{"href":"https:\/\/yesilyurttaslikoy.com.tr\/index.php\/wp-json\/wp\/v2\/media?parent=407"}],"curies":[{"name":"wp","href":"https:\/\/api.w.org\/{rel}","templated":true}]}}